{"id":17059,"date":"2019-07-21T19:32:20","date_gmt":"2019-07-21T19:32:20","guid":{"rendered":"http:\/\/autlines.templines.org\/auto\/?page_id=17059"},"modified":"2022-06-21T18:22:40","modified_gmt":"2022-06-21T18:22:40","slug":"financer-votre-vehicule-utilitaire-guadeloupe","status":"publish","type":"page","link":"http:\/\/www.bm-auto.fr\/fr_fr\/financer-votre-vehicule-utilitaire-guadeloupe\/","title":{"rendered":"Financer votre v\u00e9hicule utilitaire en Guadeloupe"},"content":{"rendered":"<div class=\"wpb-content-wrapper\"><div class=\"vc_row wpb_row vc_row-fluid\"><div class=\"wpb_column vc_column_container vc_col-sm-12\"><div class=\" vc_column-inner  \"><div class=\"wpb_wrapper\"><div class=\"fl_custom_text__block fl-custom-text-69f53a00465c9-4460\" ><p>Que vous soyez professionnel ou particulier, vous pouvez vouloir rechercher des solutions pour <strong>financer votre v\u00e9hicule utilitaire<\/strong>. Le choix en mati\u00e8re de <strong>financement automobile<\/strong> induit souvent des questions, et aura un impact sur votre activit\u00e9 ou votre quotidien. Les conseillers Auromobiles BM Auto vous aide \u00e0 trouver la solution de financement r\u00e9pondant au mieux aux besoins de votre activit\u00e9, tout en pensant \u00e0 votre budget. Le premier choix important \u00e0 faire est de d\u00e9cider <strong>d\u2019acqu\u00e9rir son v\u00e9hicule au comptant ou avec une de nos solutions de financement<\/strong>.<\/p>\n<p>\u00a0<\/p>\n<\/div><\/div><\/div><\/div><\/div><div class=\"vc_row wpb_row vc_row-fluid\"><div class=\"wpb_column vc_column_container vc_col-sm-6\"><div class=\" vc_column-inner  \"><div class=\"wpb_wrapper\"><div class=\"fl-vc-custom-title-container text-left custom-title\" ><div class=\"custom-title-content-wrapper\"><div class=\"fl-subtitle-vc fl-font-style-semi-bolt vc-custom-sub-title\" >FINANCEMENTS AUTO ENVISAGEABLE<\/div><h2 class=\"fl-title-vc vc-custom-title fl-font-style-bolt\" ><span class=\"fl-primary-color\">L\u2019achat en fonds propres<\/span><\/h2><\/div><\/div><div class=\"fl_custom_text__block fl-custom-text-69f53a0046930-6264\" ><p>Optez pour un <strong>achat de v\u00e9hicules en fonds propre<\/strong> si vous avez les moyens de financer seul la totalit\u00e9 de votre <strong>v\u00e9hicule utilitaire<\/strong> ou coup\u00e9 sans vous mettre en danger financi\u00e8rement.<\/p>\n<p>Vous avez \u00e9conomis\u00e9 et votre situation personnelle et professionnelle vous permette d\u2019acheter votre v\u00e9hicule en fonds propres, c\u2019est parfait !<\/p>\n<p>En enchant un <strong>v\u00e9hicule utilitaire en fonds propres<\/strong>, vous \u00eates propri\u00e9taire du v\u00e9hicule imm\u00e9diatement, vous n\u2019avez pas de surco\u00fbt suppl\u00e9mentaire pour les int\u00e9r\u00eats et les assurances de cr\u00e9dit.<\/p>\n<p>Pour les professionnels\u00a0: l\u2019achat sera amorti sur 4 ou 5 ans. D\u2019un point de vue comptable, il sera consid\u00e9r\u00e9 comme une immobilisation inscrite \u00e0 l\u2019actif du bilan et passe en charge d\u2019exploitation.<\/p>\n<p>\u00a0<\/p>\n<\/div><div class=\"fl-vc-responsive--gap cf\"  style=height:20px;><\/div><\/div><\/div><\/div><div class=\"wpb_column vc_column_container vc_col-sm-6\"><div class=\" vc_column-inner  \"><div class=\"wpb_wrapper\"><div class=\"fl-vc-responsive--gap cf\"  style=height:20px;><\/div><div class=\"fl-vc-responsive--gap cf\"  style=height:20px;><\/div><div class=\"fl-vc-responsive--gap cf\"  style=height:20px;><\/div><div  class=\"    wpb_single_image vc_align_left \">\n                <div class=\"wpb_wrapper vc_figure\">\n\t\t\t        <div class=\"vc_single_image-wrapper     \"><img loading=\"lazy\" decoding=\"async\" width=\"1024\" height=\"684\" src=\"https:\/\/www.bm-auto.fr\/wp-content\/uploads\/2021\/10\/alternatives-au-pre\u0302t-bancaire.png\" class=\"vc_single_image-img attachment-full\" alt=\"Achat V\u00e9hicule Utilitaire Cash Baie-Mahault Guadeloupe\" title=\"Achat V\u00e9hicule Utilitaire Cash Baie-Mahault Guadeloupe\" srcset=\"https:\/\/www.bm-auto.fr\/wp-content\/uploads\/2021\/10\/alternatives-au-pre\u0302t-bancaire.png 1024w, https:\/\/www.bm-auto.fr\/wp-content\/uploads\/2021\/10\/alternatives-au-pre\u0302t-bancaire-300x200.png 300w, https:\/\/www.bm-auto.fr\/wp-content\/uploads\/2021\/10\/alternatives-au-pre\u0302t-bancaire-768x513.png 768w, https:\/\/www.bm-auto.fr\/wp-content\/uploads\/2021\/10\/alternatives-au-pre\u0302t-bancaire-18x12.png 18w, https:\/\/www.bm-auto.fr\/wp-content\/uploads\/2021\/10\/alternatives-au-pre\u0302t-bancaire-500x334.png 500w, https:\/\/www.bm-auto.fr\/wp-content\/uploads\/2021\/10\/alternatives-au-pre\u0302t-bancaire-800x534.png 800w\" sizes=\"auto, (max-width: 1024px) 100vw, 1024px\" \/><\/div>\n\t\t        <\/div> \n\t\t   <\/div><\/div><\/div><\/div><\/div><div class=\"vc_row wpb_row vc_row-fluid\"><div class=\"wpb_column vc_column_container vc_col-sm-6\"><div class=\" vc_column-inner  \"><div class=\"wpb_wrapper\"><div class=\"fl-vc-responsive--gap cf\"  style=height:20px;><\/div><div  class=\"    wpb_single_image vc_align_left \">\n                <div class=\"wpb_wrapper vc_figure\">\n\t\t\t        <div class=\"vc_single_image-wrapper     \"><img loading=\"lazy\" decoding=\"async\" width=\"750\" height=\"450\" src=\"https:\/\/www.bm-auto.fr\/wp-content\/uploads\/2021\/10\/credit-conso-2020.jpeg\" class=\"vc_single_image-img attachment-full\" alt=\"Cr\u00e9dit Auto Guadeloupe\" title=\"Cr\u00e9dit Auto Guadeloupe\" srcset=\"https:\/\/www.bm-auto.fr\/wp-content\/uploads\/2021\/10\/credit-conso-2020.jpeg 750w, https:\/\/www.bm-auto.fr\/wp-content\/uploads\/2021\/10\/credit-conso-2020-300x180.jpeg 300w, https:\/\/www.bm-auto.fr\/wp-content\/uploads\/2021\/10\/credit-conso-2020-18x12.jpeg 18w, https:\/\/www.bm-auto.fr\/wp-content\/uploads\/2021\/10\/credit-conso-2020-500x300.jpeg 500w, https:\/\/www.bm-auto.fr\/wp-content\/uploads\/2021\/10\/credit-conso-2020-600x360.jpeg 600w\" sizes=\"auto, (max-width: 750px) 100vw, 750px\" \/><\/div>\n\t\t        <\/div> \n\t\t   <\/div><div class=\"fl-vc-responsive--gap cf\"  style=height:20px;><\/div><\/div><\/div><\/div><div class=\"wpb_column vc_column_container vc_col-sm-6\"><div class=\" vc_column-inner  \"><div class=\"wpb_wrapper\"><div class=\"fl-vc-custom-title-container text-left\" ><h3 class=\"fl-title-vc vc-default-title fl-font-style-bolt fl-custom-title-69f53a0047638-4252\" ><span class=\"fl-primary-color\">L\u2019achat \u00e0 Cr\u00e9dit<\/span><\/h3><\/div><div class=\"fl_custom_text__block fl-custom-text-69f53a00476b0-8730\" ><p>Pour financer votre v\u00e9hicule utilitaire ou votre coup\u00e9, nous vous recommandons de faire un pr\u00eat aupr\u00e8s de votre banque ou de la <a href=\"https:\/\/www.somafi-soguafi.fr\/credit-auto-moto.html\">Somafi-Soguafi<\/a> qui est leader dans le <strong>cr\u00e9dit automobile en Guadeloupe<\/strong>.<\/p>\n<p>Vous \u00eates propri\u00e9taire du v\u00e9hicule et le remboursez sous forme de mensualit\u00e9s incluant le capital, les int\u00e9r\u00eats ainsi que les assurances emprunteur.<\/p>\n<p>Pour les professionnels\u00a0: Il sera amorti sur 4 ou 5 ans. Il sera consid\u00e9r\u00e9 comme une immobilisation inscrite \u00e0 l\u2019actif du bilan mais le montant du financement sera inscrit comme une dette au passif, les int\u00e9r\u00eats \u00e9tant comptabilis\u00e9s en charge financi\u00e8re.<\/p>\n<p>\u00a0<\/p>\n<p>\u00a0<\/p>\n<\/div><div class=\"fl-vc-responsive--gap cf\"  style=height:20px;><\/div><\/div><\/div><\/div><\/div><div class=\"vc_row wpb_row vc_row-fluid\"><div class=\"wpb_column vc_column_container vc_col-sm-12\"><div class=\" vc_column-inner  \"><div class=\"wpb_wrapper\"><div class=\"fl-vc-custom-title-container text-center custom-title\" ><div class=\"custom-title-content-wrapper\"><div class=\"fl-subtitle-vc fl-font-style-semi-bolt vc-custom-sub-title\" >ACHETEZ UN V\u00c9HICULE UTILITAIRE OU COUP\u00c9 EN TANT QUE PARTICULIER OU PROFESSIONNEL<\/div><h2 class=\"fl-title-vc vc-custom-title fl-font-style-bolt\" >Documents \u00e0 Fournir<\/h2><\/div><\/div><div class=\"fl-vc-responsive--gap cf\"  style=height:20px;><\/div><div class=\"fl-vc-responsive--gap cf\"  style=height:20px;><\/div><\/div><\/div><\/div><\/div><div class=\"vc_row wpb_row vc_row-fluid\"><div class=\"wpb_column vc_column_container vc_col-sm-6\"><div class=\" vc_column-inner  \"><div class=\"wpb_wrapper\"><div class=\"fl-vc-icon-box\" ><div class=\"icon-box-style-three\"><div class=\"top-content\"><i class=\"fas fa-user-check\"><\/i><\/div><div class=\"bottom-content-wrap\"><h6 class=\"icon-title-content\">Particuliers<\/h6><div class=\"bottom-content\">Pi\u00e8ce d'identit\u00e9<br \/>\nJustificatif de domicile<br \/>\nContrat de travail (CDI)<br \/>\n2 derni\u00e8res fiches de paie<br \/>\n2 derniers relev\u00e9s de compte bancaire<br \/>\nDernier avis d'imposition<br \/>\nVotre RIB<\/div><\/div><\/div><\/div><\/div><\/div><\/div><div class=\"wpb_column vc_column_container vc_col-sm-6\"><div class=\" vc_column-inner  \"><div class=\"wpb_wrapper\"><div class=\"fl-vc-icon-box\" ><div class=\"icon-box-style-three\"><div class=\"top-content\"><i class=\"fas fa-user-tie\"><\/i><\/div><div class=\"bottom-content-wrap\"><h6 class=\"icon-title-content\">Professionnels<\/h6><div class=\"bottom-content\">Extrait Kbis (- de 3 mois)<br \/>\nPi\u00e8ce d'identit\u00e9 du dirigeant<br \/>\nDernier bilan comptable<br \/>\n2 derniers relev\u00e9s de compte bancaire<br \/>\nDernier avis d'imposition du dirigeant<br \/>\nRIB de la soci\u00e9t\u00e9<\/div><\/div><\/div><\/div><\/div><\/div><\/div><\/div>\n<\/div>","protected":false},"excerpt":{"rendered":"<p>Que vous soyez professionnel ou particulier, vous pouvez vouloir rechercher des solutions pour financer votre v\u00e9hicule utilitaire. Le choix en mati\u00e8re de financement automobile induit souvent des questions, et aura un impact sur votre activit\u00e9 ou votre quotidien. Les conseillers Auromobiles BM Auto vous aide \u00e0 trouver la solution de financement r\u00e9pondant au mieux aux <\/p>\n","protected":false},"author":1,"featured_media":0,"parent":0,"menu_order":0,"comment_status":"closed","ping_status":"closed","template":"","meta":{"_acf_changed":false,"om_disable_all_campaigns":false,"_monsterinsights_skip_tracking":false,"_monsterinsights_sitenote_active":false,"_monsterinsights_sitenote_note":"","_monsterinsights_sitenote_category":0,"footnotes":""},"class_list":["post-17059","page","type-page","status-publish","hentry"],"acf":[],"aioseo_notices":[],"_links":{"self":[{"href":"http:\/\/www.bm-auto.fr\/fr_fr\/wp-json\/wp\/v2\/pages\/17059","targetHints":{"allow":["GET"]}}],"collection":[{"href":"http:\/\/www.bm-auto.fr\/fr_fr\/wp-json\/wp\/v2\/pages"}],"about":[{"href":"http:\/\/www.bm-auto.fr\/fr_fr\/wp-json\/wp\/v2\/types\/page"}],"author":[{"embeddable":true,"href":"http:\/\/www.bm-auto.fr\/fr_fr\/wp-json\/wp\/v2\/users\/1"}],"replies":[{"embeddable":true,"href":"http:\/\/www.bm-auto.fr\/fr_fr\/wp-json\/wp\/v2\/comments?post=17059"}],"version-history":[{"count":67,"href":"http:\/\/www.bm-auto.fr\/fr_fr\/wp-json\/wp\/v2\/pages\/17059\/revisions"}],"predecessor-version":[{"id":19976,"href":"http:\/\/www.bm-auto.fr\/fr_fr\/wp-json\/wp\/v2\/pages\/17059\/revisions\/19976"}],"wp:attachment":[{"href":"http:\/\/www.bm-auto.fr\/fr_fr\/wp-json\/wp\/v2\/media?parent=17059"}],"curies":[{"name":"wp","href":"https:\/\/api.w.org\/{rel}","templated":true}]}}