{"id":20068,"date":"2023-01-26T15:24:42","date_gmt":"2023-01-26T15:24:42","guid":{"rendered":"https:\/\/www.bm-auto.fr\/search-your-car\/"},"modified":"2023-08-01T15:14:48","modified_gmt":"2023-08-01T15:14:48","slug":"location-voiture-guadeloupe-pas-cher","status":"publish","type":"page","link":"http:\/\/www.bm-auto.fr\/fr_fr\/location-voiture-guadeloupe-pas-cher\/","title":{"rendered":"Location Voiture Guadeloupe Pas Ch\u00e8re"},"content":{"rendered":"<div class=\"wpb-content-wrapper\"><div class=\"vc_row wpb_row vc_row-fluid\"><div class=\"wpb_column vc_column_container vc_col-sm-12\"><div class=\" vc_column-inner  \"><div class=\"wpb_wrapper\"><div class=\"fl_custom_text__block fl-custom-text-69f5353b9a294-2730\" >\n<div class=\"wrap plugin-container\">\n\n\t\n\t\n\t<h3 class=\"vrc-main-title\">BM AUTO<\/h3><div class=\"vrcdivsearch\"><div class=\"vrcdivsearch-inner\"><form action=\"http:\/\/www.bm-auto.fr\/fr_fr\/location-voiture-guadeloupe-pas-cher\/?option=com_vikrentcar\" method=\"post\" onsubmit=\"return vrcValidateSearch();\">\n<input type=\"hidden\" name=\"option\" value=\"com_vikrentcar\"\/>\n<input type=\"hidden\" name=\"task\" value=\"search\"\/>\n<div class=\"vrc-searchf-section-locations\">\n<div class=\"vrcsfentrycont\"><label for=\"place\">Lieu de D\u00e9part<\/label><div class=\"vrcsfentryselect\"><select name=\"place\" id=\"place\" onchange=\"javascript: vrcSetLocOpenTime(this.value, 'pickup');\"><option value=\"1\" id=\"place1\">BM AUTO<\/option>\n<option value=\"4\" id=\"place4\">A\u00e9roport Pointe-\u00e0-Pitre (Navette)<\/option>\n<\/select><\/div><\/div>\n<div class=\"vrcsfentrycont\"><label for=\"returnplace\">Lieu d'Arriv\u00e9e<\/label><div class=\"vrcsfentryselect\"><select name=\"returnplace\" id=\"returnplace\" onchange=\"javascript: vrcSetLocOpenTime(this.value, 'dropoff');\"><option value=\"1\" id=\"returnplace1\">BM AUTO<\/option>\n<option value=\"4\" id=\"returnplace4\">A\u00e9roport Pointe-\u00e0-Pitre (Navette)<\/option>\n<\/select><\/div><\/div>\n<\/div>\n<div class=\"vrc-searchf-section-datetimes\">\n<div class=\"vrcsfentrycont\">\n\t<div class=\"vrcsfentrylabsel\">\n\t\t<label for=\"pickupdate\">Date de D\u00e9part<\/label>\n\t\t<div class=\"vrcsfentrydate\">\n\t\t\t<input type=\"text\" name=\"pickupdate\" id=\"pickupdate\" size=\"10\" autocomplete=\"off\" onfocus=\"this.blur();\" readonly\/><i class=\"far fa-calendar-alt vrc-caltrigger\"><\/i>\n\t\t<\/div>\n\t<\/div>\n\t<div class=\"vrcsfentrytime\">\n\t\t<label for=\"pickuph\">Heure de D\u00e9part<\/label>\n\t\t<div class=\"vrc-sf-time-container\">\n\t\t\t<span id=\"vrccomselph\"><select id=\"pickuph\" name=\"pickuph\"><option value=\"0\" selected=\"selected\">00<\/option>\n<option value=\"1\">01<\/option>\n<option value=\"2\">02<\/option>\n<option value=\"3\">03<\/option>\n<option value=\"4\">04<\/option>\n<option value=\"5\">05<\/option>\n<option value=\"6\">06<\/option>\n<option value=\"7\">07<\/option>\n<option value=\"8\">08<\/option>\n<option value=\"9\">09<\/option>\n<option value=\"10\">10<\/option>\n<option value=\"11\">11<\/option>\n<option value=\"12\">12<\/option>\n<option value=\"13\">13<\/option>\n<option value=\"14\">14<\/option>\n<option value=\"15\">15<\/option>\n<option value=\"16\">16<\/option>\n<option value=\"17\">17<\/option>\n<option value=\"18\">18<\/option>\n<option value=\"19\">19<\/option>\n<option value=\"20\">20<\/option>\n<option value=\"21\">21<\/option>\n<option value=\"22\">22<\/option>\n<option value=\"23\">23<\/option>\n<\/select><\/span>\n\t\t\t<span class=\"vrctimesep\">:<\/span>\n\t\t\t<span id=\"vrccomselpm\"><select name=\"pickupm\"><option value=\"0\" selected=\"selected\">00<\/option>\n<option value=\"15\">15<\/option>\n<option value=\"30\">30<\/option>\n<option value=\"45\">45<\/option>\n<\/select><\/span>\n\t\t<\/div>\n\t<\/div>\n<\/div>\n<div class=\"vrcsfentrycont\">\n\t<div class=\"vrcsfentrylabsel\">\n\t\t<label for=\"releasedate\">Date de Retour<\/label>\n\t\t<div class=\"vrcsfentrydate\">\n\t\t\t<input type=\"text\" name=\"releasedate\" id=\"releasedate\" size=\"10\" autocomplete=\"off\" onfocus=\"this.blur();\" readonly\/><i class=\"far fa-calendar-alt vrc-caltrigger\"><\/i>\n\t\t<\/div>\n\t<\/div>\n\t<div class=\"vrcsfentrytime\">\n\t\t<label for=\"releaseh\">Heure de Retour<\/label>\n\t\t<div class=\"vrc-sf-time-container\">\n\t\t\t<span id=\"vrccomseldh\"><select id=\"releaseh\" name=\"releaseh\"><option value=\"0\" selected=\"selected\">00<\/option>\n<option value=\"1\">01<\/option>\n<option value=\"2\">02<\/option>\n<option value=\"3\">03<\/option>\n<option value=\"4\">04<\/option>\n<option value=\"5\">05<\/option>\n<option value=\"6\">06<\/option>\n<option value=\"7\">07<\/option>\n<option value=\"8\">08<\/option>\n<option value=\"9\">09<\/option>\n<option value=\"10\">10<\/option>\n<option value=\"11\">11<\/option>\n<option value=\"12\">12<\/option>\n<option value=\"13\">13<\/option>\n<option value=\"14\">14<\/option>\n<option value=\"15\">15<\/option>\n<option value=\"16\">16<\/option>\n<option value=\"17\">17<\/option>\n<option value=\"18\">18<\/option>\n<option value=\"19\">19<\/option>\n<option value=\"20\">20<\/option>\n<option value=\"21\">21<\/option>\n<option value=\"22\">22<\/option>\n<option value=\"23\">23<\/option>\n<\/select><\/span>\n\t\t\t<span class=\"vrctimesep\">:<\/span>\n\t\t\t<span id=\"vrccomseldm\"><select name=\"releasem\"><option value=\"0\" selected=\"selected\">00<\/option>\n<option value=\"15\">15<\/option>\n<option value=\"30\">30<\/option>\n<option value=\"45\">45<\/option>\n<\/select><\/span>\n\t\t<\/div>\n\t<\/div>\n<\/div>\n<\/div>\n<div class=\"vrc-searchf-section-categories\"><div class=\"vrcsfentrycont\"><label for=\"vrc-categories\">Cat\u00e9gorie de V\u00e9hicule<\/label><div class=\"vrcsfentryselect\"><select id=\"vrc-categories\" name=\"categories\"><option value=\"all\">Tous<\/option>\n<option value=\"1\">Fourgons de 3m3<\/option>\n<option value=\"12\">Fourgons de 5M3<\/option>\n<option value=\"3\">Fourgons de 6M3<\/option>\n<option value=\"5\">Fourgons de 12M3<\/option>\n<option value=\"7\">Fourgons de 14m3<\/option>\n<option value=\"8\">Camions<\/option>\n<option value=\"10\">Fourgons 8-10 m3<\/option>\n<option value=\"11\">Voiture Touristique<\/option>\n<\/select><\/div><\/div>\n<\/div><div class=\"vrc-searchf-section-sbmt\"><div class=\"vrcsfentrycont\"><div class=\"vrcsfentrysubmit\"><input type=\"submit\" name=\"search\" value=\"Rechercher\" class=\"btn vrc-search-btn vrc-pref-color-btn\"\/><\/div><\/div>\n<\/div><\/div>\n<\/form><\/div>\t<script type=\"text\/javascript\">\r\n\tfunction vrcCleanNumber(snum) {\r\n\t\tif (snum.length > 1 && snum.substr(0, 1) == '0') {\r\n\t\t\treturn parseInt(snum.substr(1));\r\n\t\t}\r\n\t\treturn parseInt(snum);\r\n\t}\r\n\tfunction vrcFormatTime(h, m) {\r\n\t\tvar time_format = 'H:i';\r\n\t\tvar time_ftfour = (time_format == 'H:i');\r\n\t\tvar time_ampm = '';\r\n\t\tif (!time_ftfour) {\r\n\t\t\tif (h >= 12 && h < 24) {\r\n\t\t\t\ttime_ampm = ' PM';\r\n\t\t\t\tif (h > 12) {\r\n\t\t\t\t\th -= 12;\r\n\t\t\t\t}\r\n\t\t\t} else {\r\n\t\t\t\ttime_ampm = ' AM';\r\n\t\t\t}\r\n\t\t}\r\n\t\treturn (h < 10 ? ('0' + h) : h) + ':' + ((m < 10 ? ('0' + m) : m)) + time_ampm;\r\n\t}\r\n\tfunction vrcValidateSearch() {\r\n\t\tif (typeof jQuery === 'undefined' || typeof vrc_wopening_pick === 'undefined') {\r\n\t\t\treturn true;\r\n\t\t}\r\n\t\tif (vrc_mopening_pick !== null) {\r\n\t\t\t\/\/ pickup time\r\n\t\t\tvar pickh = jQuery('#vrccomselph').find('select').val();\r\n\t\t\tvar pickm = jQuery('#vrccomselpm').find('select').val();\r\n\t\t\tif (!pickh || !pickh.length || !pickm) {\r\n\t\t\t\treturn true;\r\n\t\t\t}\r\n\t\t\tpickh = vrcCleanNumber(pickh);\r\n\t\t\tpickm = vrcCleanNumber(pickm);\r\n\t\t\tif (pickh == vrc_mopening_pick[0]) {\r\n\t\t\t\tif (pickm < vrc_mopening_pick[1]) {\r\n\t\t\t\t\t\/\/ location is still closed at this time\r\n\t\t\t\t\tjQuery('#vrccomselpm').find('select').html('<option value=\"'+vrc_mopening_pick[1]+'\">'+(vrc_mopening_pick[1] < 10 ? '0'+vrc_mopening_pick[1] : vrc_mopening_pick[1])+'<\/option>').val(vrc_mopening_pick[1]);\r\n\t\t\t\t\talert(Joomla.JText._('VRC_LOC_WILL_OPEN_TIME').replace('%s', vrcFormatTime(vrc_mopening_pick[0], vrc_mopening_pick[1])));\r\n\t\t\t\t\t\/\/ do not return false as we are overwriting the pickup time\r\n\t\t\t\t\t\/\/ return false;\r\n\t\t\t\t}\r\n\t\t\t}\r\n\t\t\tif (pickh == vrc_mopening_pick[2]) {\r\n\t\t\t\tif (pickm > vrc_mopening_pick[3]) {\r\n\t\t\t\t\t\/\/ location is already closed at this time for a pick up\r\n\t\t\t\t\tjQuery('#vrccomselpm').find('select').html('<option value=\"'+vrc_mopening_pick[3]+'\">'+(vrc_mopening_pick[3] < 10 ? '0'+vrc_mopening_pick[3] : vrc_mopening_pick[3])+'<\/option>').val(vrc_mopening_pick[3]);\r\n\t\t\t\t\talert(Joomla.JText._('VRC_LOC_WILL_CLOSE_TIME').replace('%s', vrcFormatTime(vrc_mopening_pick[2], vrc_mopening_pick[3])));\r\n\t\t\t\t\t\/\/ do not return false as we are overwriting the pickup time\r\n\t\t\t\t\t\/\/ return false;\r\n\t\t\t\t}\r\n\t\t\t}\r\n\t\t\t\/\/ check for breaks\r\n\t\t\tif (vrc_mopening_pick[4] && vrc_mopening_pick[4].length) {\r\n\t\t\t\tfor (var b = 0; b < vrc_mopening_pick[4].length; b++) {\r\n\t\t\t\t\tif (!vrc_mopening_pick[4][b].hasOwnProperty('fh')) {\r\n\t\t\t\t\t\tcontinue;\r\n\t\t\t\t\t}\r\n\t\t\t\t\tvar break_mess = Joomla.JText._('VRC_PICKLOC_IS_ON_BREAK_TIME_FROM_TO')\r\n\t\t\t\t\t\t.replace('%s', vrcFormatTime(vrc_mopening_pick[4][b]['fh'], vrc_mopening_pick[4][b]['fm']))\r\n\t\t\t\t\t\t.replace('%s', vrcFormatTime(vrc_mopening_pick[4][b]['th'], vrc_mopening_pick[4][b]['tm']));\r\n\t\t\t\t\tvar break_from_secs = (vrc_mopening_pick[4][b]['fh'] * 3600) + (vrc_mopening_pick[4][b]['fm'] * 60);\r\n\t\t\t\t\tvar break_to_secs = (vrc_mopening_pick[4][b]['th'] * 3600) + (vrc_mopening_pick[4][b]['tm'] * 60);\r\n\t\t\t\t\tvar pick_secs = (pickh * 3600) + (pickm * 60);\r\n\t\t\t\t\tif (pick_secs > break_from_secs && pick_secs < break_to_secs) {\r\n\t\t\t\t\t\t\/\/ the location is on break at this time\r\n\t\t\t\t\t\talert(break_mess);\r\n\t\t\t\t\t\treturn false;\r\n\t\t\t\t\t} else if (vrc_mopening_pick[4][b]['fh'] > vrc_mopening_pick[4][b]['th'] && pick_secs < break_from_secs && pick_secs < break_to_secs) {\r\n\t\t\t\t\t\t\/\/ overnight break, with time after midnight\r\n\t\t\t\t\t\talert(break_mess);\r\n\t\t\t\t\t\treturn false;\r\n\t\t\t\t\t} else if (vrc_mopening_pick[4][b]['fh'] > vrc_mopening_pick[4][b]['th'] && pick_secs > break_from_secs && pick_secs > break_to_secs) {\r\n\t\t\t\t\t\t\/\/ overnight break, with time before midnight\r\n\t\t\t\t\t\talert(break_mess);\r\n\t\t\t\t\t\treturn false;\r\n\t\t\t\t\t}\r\n\t\t\t\t}\r\n\t\t\t}\r\n\t\t}\r\n\r\n\t\tif (vrc_mopening_drop !== null) {\r\n\t\t\t\/\/ dropoff time\r\n\t\t\tvar droph = jQuery('#vrccomseldh').find('select').val();\r\n\t\t\tvar dropm = jQuery('#vrccomseldm').find('select').val();\r\n\t\t\tif (!droph || !droph.length || !dropm) {\r\n\t\t\t\treturn true;\r\n\t\t\t}\r\n\t\t\tdroph = vrcCleanNumber(droph);\r\n\t\t\tdropm = vrcCleanNumber(dropm);\r\n\t\t\tif (droph == vrc_mopening_drop[0]) {\r\n\t\t\t\tif (dropm > vrc_mopening_drop[1]) {\r\n\t\t\t\t\t\/\/ location is already closed at this time\r\n\t\t\t\t\tjQuery('#vrccomseldm').find('select').html('<option value=\"'+vrc_mopening_drop[1]+'\">'+(vrc_mopening_drop[1] < 10 ? '0'+vrc_mopening_drop[1] : vrc_mopening_drop[1])+'<\/option>').val(vrc_mopening_drop[1]);\r\n\t\t\t\t\talert(Joomla.JText._('VRC_LOC_WILL_CLOSE_TIME').replace('%s', vrcFormatTime(vrc_mopening_drop[0], vrc_mopening_drop[1])));\r\n\t\t\t\t\t\/\/ do not return false as we are overwriting the drop off time\r\n\t\t\t\t\t\/\/ return false;\r\n\t\t\t\t}\r\n\t\t\t}\r\n\t\t\tif (droph == vrc_mopening_drop[2]) {\r\n\t\t\t\tif (dropm < vrc_mopening_drop[3]) {\r\n\t\t\t\t\t\/\/ location is still closed at this time for a drop off\r\n\t\t\t\t\tjQuery('#vrccomseldm').find('select').html('<option value=\"'+vrc_mopening_drop[3]+'\">'+(vrc_mopening_drop[3] < 10 ? '0'+vrc_mopening_drop[3] : vrc_mopening_drop[3])+'<\/option>').val(vrc_mopening_drop[3]);\r\n\t\t\t\t\talert(Joomla.JText._('VRC_LOC_WILL_OPEN_TIME').replace('%s', vrcFormatTime(vrc_mopening_drop[2], vrc_mopening_drop[3])));\r\n\t\t\t\t\t\/\/ do not return false as we are overwriting the drop off time\r\n\t\t\t\t\t\/\/ return false;\r\n\t\t\t\t}\r\n\t\t\t}\r\n\t\t\t\/\/ check for breaks\r\n\t\t\tif (vrc_mopening_drop[4] && vrc_mopening_drop[4].length) {\r\n\t\t\t\tfor (var b = 0; b < vrc_mopening_drop[4].length; b++) {\r\n\t\t\t\t\tif (!vrc_mopening_drop[4][b].hasOwnProperty('fh')) {\r\n\t\t\t\t\t\tcontinue;\r\n\t\t\t\t\t}\r\n\t\t\t\t\tvar break_mess = Joomla.JText._('VRC_DROPLOC_IS_ON_BREAK_TIME_FROM_TO')\r\n\t\t\t\t\t\t.replace('%s', vrcFormatTime(vrc_mopening_drop[4][b]['fh'], vrc_mopening_drop[4][b]['fm']))\r\n\t\t\t\t\t\t.replace('%s', vrcFormatTime(vrc_mopening_drop[4][b]['th'], vrc_mopening_drop[4][b]['tm']));\r\n\t\t\t\t\tvar break_from_secs = (vrc_mopening_drop[4][b]['fh'] * 3600) + (vrc_mopening_drop[4][b]['fm'] * 60);\r\n\t\t\t\t\tvar break_to_secs = (vrc_mopening_drop[4][b]['th'] * 3600) + (vrc_mopening_drop[4][b]['tm'] * 60);\r\n\t\t\t\t\tvar drop_secs = (droph * 3600) + (dropm * 60);\r\n\t\t\t\t\tif (drop_secs > break_from_secs && drop_secs < break_to_secs) {\r\n\t\t\t\t\t\t\/\/ the location is on break at this time\r\n\t\t\t\t\t\talert(break_mess);\r\n\t\t\t\t\t\treturn false;\r\n\t\t\t\t\t} else if (vrc_mopening_drop[4][b]['fh'] > vrc_mopening_drop[4][b]['th'] && drop_secs < break_from_secs && drop_secs < break_to_secs) {\r\n\t\t\t\t\t\t\/\/ overnight break, with time after midnight\r\n\t\t\t\t\t\talert(break_mess);\r\n\t\t\t\t\t\treturn false;\r\n\t\t\t\t\t} else if (vrc_mopening_drop[4][b]['fh'] > vrc_mopening_drop[4][b]['th'] && drop_secs > break_from_secs && drop_secs > break_to_secs) {\r\n\t\t\t\t\t\t\/\/ overnight break, with time before midnight\r\n\t\t\t\t\t\talert(break_mess);\r\n\t\t\t\t\t\treturn false;\r\n\t\t\t\t\t}\r\n\t\t\t\t}\r\n\t\t\t}\r\n\t\t}\r\n\r\n\t\treturn true;\r\n\t}\r\n\t<\/script>\r\n\t\n<\/div>\n\n<\/div><\/div><\/div><\/div><\/div><div class=\"vc_row wpb_row vc_row-fluid\"><div class=\"wpb_column vc_column_container vc_col-sm-12\"><div class=\" vc_column-inner  \"><div class=\"wpb_wrapper\"><div class=\"fl-banner-content-vc\" ><div class=\"fl-banner-container banner-style-one\"><span class=\"banner-vc-link\" ><\/span><div class=\"banner-entry-content\"><div class=\"banner-label fl-font-style-lighter-than\">New<\/div><div class=\"banner-title fl-font-style-bolt\">AUDI Q2L (2020)<\/div><div class=\"subtitle-additional-text-container\"><div class=\"banner-sub-title\">LUXURTY APART<\/div><div class=\"additional-text-content\">- $499\/M<\/div><\/div><div class=\"banner-bottom-text-content\"><div class=\"text-content\">2020<\/div><\/div><\/div><\/div><\/div><div class=\"fl-vc-responsive--gap cf\"  style=height:50px;><\/div><div class=\"fl-vc-custom-title-container text-left\" ><h2 class=\"fl-title-vc vc-default-title fl-font-style-bolt\" >Location Voiture Guadeloupe : Louez une Voiture<span class=\"fl-primary-color\"> Pas Ch\u00e8re<\/span> en Guadeloupe<\/h2><\/div><div class=\"fl-vc-responsive--gap cf\"  style=height:50px;><\/div><\/div><\/div><\/div><\/div><div class=\"vc_row wpb_row vc_row-fluid\"><div class=\"wpb_column vc_column_container vc_col-sm-4\"><div class=\" vc_column-inner  \"><div class=\"wpb_wrapper\"><div class=\"fl-vc-icon-box\" ><div class=\"icon-box-style-three\"><div class=\"top-content\"><i class=\"icnm icnm-price-tags\"><\/i><\/div><div class=\"bottom-content-wrap\"><h6 class=\"icon-title-content\">LOCATION AU MEILLEUR RAPPORT QUALIT\u00c9-PRIX<\/h6><\/div><\/div><\/div><div class=\"fl-vc-responsive--gap cf\"  style=height:50px;><\/div><\/div><\/div><\/div><div class=\"wpb_column vc_column_container vc_col-sm-4\"><div class=\" vc_column-inner  \"><div class=\"wpb_wrapper\"><div class=\"fl-vc-icon-box\" ><div class=\"icon-box-style-three\"><div class=\"top-content\"><i class=\"icnm icnm-user-tie\"><\/i><\/div><div class=\"bottom-content-wrap\"><h6 class=\"icon-title-content\">Un service pro automobile depuis + de 12 ans<\/h6><\/div><\/div><\/div><div class=\"fl-vc-responsive--gap cf\"  style=height:50px;><\/div><\/div><\/div><\/div><div class=\"wpb_column vc_column_container vc_col-sm-4\"><div class=\" vc_column-inner  \"><div class=\"wpb_wrapper\"><div class=\"fl-vc-icon-box\" ><div class=\"icon-box-style-three\"><div class=\"top-content\"><i class=\"icnm icnm-happy2\"><\/i><\/div><div class=\"bottom-content-wrap\"><h6 class=\"icon-title-content\">VOTRE SATISFACTION EST NOTRE PRIORIT\u00c9<\/h6><\/div><\/div><\/div><div class=\"fl-vc-responsive--gap cf\"  style=height:50px;><\/div><\/div><\/div><\/div><\/div><div class=\"vc_row wpb_row vc_row-fluid\"><div class=\"wpb_column vc_column_container vc_col-sm-12\"><div class=\" vc_column-inner  \"><div class=\"wpb_wrapper\"><div class=\"vc_row wpb_row vc_inner vc_row-fluid\"><div class=\"wpb_column vc_column_container vc_col-sm-6\"><div class=\" vc_column-inner \"><div class=\"wpb_wrapper\"><div class=\"fl-vc-responsive--gap cf\"  style=height:50px;><\/div><div class=\"fl-vc-custom-title-container text-left\" ><h2 class=\"fl-title-vc vc-default-title fl-font-style-bolt\" >Nos Conseillers Automobiles <span class=\"fl-primary-color\">sont \u00e0 votre \u00c9coute<\/span><\/h2><\/div><div class=\"fl-vc-responsive--gap cf\"  style=height:5px;><\/div><div class=\"fl_custom_text__block fl-custom-text-69f5353b9d692-4289\" ><p>Nous Sommes ouvert du Lundi au Vendredi de 9h \u00e0 16h30 et disponible 7 Jours sur 7 sur Whatsapp. Nous\u00a0 sommes \u00e0 votre \u00e9coute pour vous apporter la meilleure exp\u00e9rience de location de voitures. Soyez satisfait de votre location !<\/p>\n<\/div><div class=\"fl-vc-responsive--gap cf\"  style=height:55px;><\/div><div class=\"fl-button-wrapper-vc text-left \" ><div class=\"fl-button primary-button \" ><a class=\"fl-vc-button\"  href=\"tel:+590690712599\" title=\"Appelez-Nous Maintenant\">APPELEZ-NOUS MAINTENANT<\/a><\/div><\/div><div class=\"fl-vc-responsive--gap cf\"  style=height:70px;><\/div><\/div><\/div><\/div><div class=\"wpb_column vc_column_container vc_col-sm-6\"><div class=\" vc_column-inner \"><div class=\"wpb_wrapper\"><div  class=\"    wpb_single_image vc_align_left \">\n                <div class=\"wpb_wrapper vc_figure\">\n\t\t\t        <div class=\"vc_single_image-wrapper     \"><img loading=\"lazy\" decoding=\"async\" width=\"397\" height=\"392\" src=\"https:\/\/www.bm-auto.fr\/wp-content\/uploads\/2021\/10\/dealer-2.png\" class=\"vc_single_image-img attachment-full\" alt=\"Vendez votre v\u00e9hicule utilitaire En Guadeloupe\" title=\"Vendez votre v\u00e9hicule utilitaire En Guadeloupe\" srcset=\"https:\/\/www.bm-auto.fr\/wp-content\/uploads\/2021\/10\/dealer-2.png 397w, https:\/\/www.bm-auto.fr\/wp-content\/uploads\/2021\/10\/dealer-2-300x296.png 300w, https:\/\/www.bm-auto.fr\/wp-content\/uploads\/2021\/10\/dealer-2-12x12.png 12w, https:\/\/www.bm-auto.fr\/wp-content\/uploads\/2021\/10\/dealer-2-80x80.png 80w, https:\/\/www.bm-auto.fr\/wp-content\/uploads\/2021\/10\/dealer-2-90x90.png 90w\" sizes=\"auto, (max-width: 397px) 100vw, 397px\" \/><\/div>\n\t\t        <\/div> \n\t\t   <\/div><\/div><\/div><\/div><\/div><div class=\"fl-vc-responsive--gap cf\"  style=height:70px;><\/div><div class=\"fl-vc-custom-title-container text-left custom-title\" ><div class=\"custom-title-content-wrapper\"><div class=\"fl-subtitle-vc fl-font-style-semi-bolt vc-custom-sub-title\" >LOCATION VOITURE GUADELOUPE<\/div><h2 class=\"fl-title-vc vc-custom-title fl-font-style-bolt\" ><\/p>\n<h2 class=\"fl-title-vc vc-custom-title fl-font-style-bolt\">Comment <span class=\"fl-primary-color\">Louer une Voiture\u00a0<\/span><span class=\"fl-primary-color\">facilement <\/span>avec BM Auto?<\/h2>\n<p><\/h2><\/div><\/div><div class=\"fl-vc-responsive--gap cf\"  style=height:50px;><\/div><div class=\"fl-fancy-text-content-vc\" ><div class=\"fl-fancy-text-container\"><div class=\"fancy-text-item-content\"><div class=\"top-content\"><div class=\"fancy-text-number fl-font-style-bolt\">01<\/div><\/div><div class=\"bottom-content\"><div class=\"fancy-title fl-font-style-bolt\">Recherchez notre Centre de Location<\/div><div class=\"fancy-text-content\">Remplissez les champs de la barre de recherche pour obtenir plus d'informations sur notre Agence de Location de V\u00e9hicules Utilitaires<\/div><\/div><\/div><div class=\"fancy-text-item-content\"><div class=\"top-content\"><div class=\"fancy-text-number fl-font-style-bolt\">02<\/div><\/div><div class=\"bottom-content\"><div class=\"fancy-title fl-font-style-bolt\">Choisissez le v\u00e9hicule Utilitaire que vous aimez<\/div><div class=\"fancy-text-content\">En Agence ou sur le site Internet BM AUTO, pr\u00e9s\u00e9lectionnez le V\u00e9hicule Utilitaire qui vous int\u00e9resse.\n<\/div><\/div><\/div><div class=\"fancy-text-item-content\"><div class=\"top-content\"><div class=\"fancy-text-number fl-font-style-bolt\">03<\/div><\/div><div class=\"bottom-content\"><div class=\"fancy-title fl-font-style-bolt\">R\u00e9server votre V\u00e9hicule Utilitaire<\/div><div class=\"fancy-text-content\">Compl\u00e9tez puis finalisez votre r\u00e9servation. Nous avons les meilleurs prix du march\u00e9 Guadeloup\u00e9en.<\/div><\/div><\/div><div class=\"fancy-text-item-content\"><div class=\"top-content\"><div class=\"fancy-text-number fl-font-style-bolt\">04<\/div><\/div><div class=\"bottom-content\"><div class=\"fancy-title fl-font-style-bolt\">R\u00e9servation Confirm\u00e9e<\/div><div class=\"fancy-text-content\">Votre r\u00e9servation a \u00e9t\u00e9 confirm\u00e9 ! Vous n'avez plus qu' \u00e0 r\u00e9cup\u00e9rer votre V\u00e9hicule Utilitaire!<\/div><\/div><\/div><\/div><\/div><div class=\"fl-vc-responsive--gap cf\"  style=height:30px;><\/div><div class=\"fl-vc-responsive--gap cf\"  style=height:30px;><\/div><\/div><\/div><\/div><\/div><div class=\"vc_row wpb_row vc_row-fluid\"><div class=\"wpb_column vc_column_container vc_col-sm-12\"><div class=\" vc_column-inner  \"><div class=\"wpb_wrapper\"><div class=\"fl-vc-responsive--gap cf\"  style=height:30px;><\/div><div class=\"fl-vc-custom-title-container text-left\" ><h2 class=\"fl-title-vc vc-default-title fl-font-style-bolt\" ><\/p>\n<h2 class=\"fl-title-vc vc-custom-title fl-font-style-bolt\">Que disent <span class=\"fl-primary-color\">nos clients sur leur Location de Voiture Guadeloupe<\/span>?<\/h2>\n<p><\/h2><\/div><div class=\"fl-vc-testimonial-slider-wrapper \" ><div class=\"icon-testimonial-wrap\"><span class=\"icon-left-line\"><\/span><i class=\"fl-custom-icon-left-quotes-sign-1\"><\/i><span class=\"icon-right-line\"><\/span><\/div><div class=\"testimonial-slider testimonial-style-one \"><div class=\"testimonial-slide\"><div class=\"top-slider-content\"><div class=\"text-content\">Je loue des fourgons r\u00e9guli\u00e8rement chez BM Auto. Les commerciaux sont professionnels, \u00e0 l'\u00e9coute et sont de tr\u00e8s bons conseils.<\/div><\/div><div class=\"bottom-content\"><div class=\"bottom-entry-content\"><div class=\"left-content\"><div class=\"testimonial-slider-name fl-font-style-lighter-than\">Alexa Cathy<\/div><div class=\"testimonial-slider-under-name fl-font-style-regular\">Lucas <\/div><\/div><div class=\"right-content\"><div class=\"testimonial-slider-image\"><img decoding=\"async\" src=\"https:\/\/www.bm-auto.fr\/wp-content\/uploads\/2023\/02\/3.png\" alt=\" \"\/><\/div><\/div><\/div><\/div><\/div><div class=\"testimonial-slide\"><div class=\"top-slider-content\"><div class=\"text-content\">Leurs Tarifs sont excellents ! Je loue plusieurs fourgons chez eux qui sont toujours fonctionnels et bien entretenus.<\/div><\/div><div class=\"bottom-content\"><div class=\"bottom-entry-content\"><div class=\"left-content\"><div class=\"testimonial-slider-name fl-font-style-lighter-than\">Alexa Cathy<\/div><div class=\"testimonial-slider-under-name fl-font-style-regular\">Laurent <\/div><\/div><div class=\"right-content\"><div class=\"testimonial-slider-image\"><img decoding=\"async\" src=\"https:\/\/www.bm-auto.fr\/wp-content\/uploads\/2023\/02\/6.png\" alt=\" \"\/><\/div><\/div><\/div><\/div><\/div><div class=\"testimonial-slide\"><div class=\"top-slider-content\"><div class=\"text-content\">L'Agence de Location BM Auto est s\u00e9rieuse, j'ai \u00e9t\u00e9 tr\u00e8s satisfait de ma location de camion Benne pour mon chantier \u00e0 Sainte Rose.<\/div><\/div><div class=\"bottom-content\"><div class=\"bottom-entry-content\"><div class=\"left-content\"><div class=\"testimonial-slider-under-name fl-font-style-regular\">Patrick<\/div><\/div><div class=\"right-content\"><div class=\"testimonial-slider-image\"><img decoding=\"async\" src=\"https:\/\/www.bm-auto.fr\/wp-content\/uploads\/2023\/02\/8.png\" alt=\" \"\/><\/div><\/div><\/div><\/div><\/div><\/div><\/div><\/div><\/div><\/div><\/div>\n<\/div>","protected":false},"excerpt":{"rendered":"<p>BM AUTO Lieu de D\u00e9partBM AUTO A\u00e9roport Pointe-\u00e0-Pitre (Navette) Lieu d&#8217;Arriv\u00e9eBM AUTO A\u00e9roport Pointe-\u00e0-Pitre (Navette) Date de D\u00e9part Heure de D\u00e9part 00 01 02 03 04 05 06 07 08 09 10 11 12 13 14 15 16 17 18 19 20 21 22 23 : 00 15 30 45 Date de Retour Heure de <\/p>\n","protected":false},"author":1,"featured_media":0,"parent":0,"menu_order":0,"comment_status":"closed","ping_status":"closed","template":"","meta":{"_acf_changed":false,"om_disable_all_campaigns":false,"_monsterinsights_skip_tracking":false,"_monsterinsights_sitenote_active":false,"_monsterinsights_sitenote_note":"","_monsterinsights_sitenote_category":0,"footnotes":""},"class_list":["post-20068","page","type-page","status-publish","hentry"],"acf":[],"aioseo_notices":[],"_links":{"self":[{"href":"http:\/\/www.bm-auto.fr\/fr_fr\/wp-json\/wp\/v2\/pages\/20068","targetHints":{"allow":["GET"]}}],"collection":[{"href":"http:\/\/www.bm-auto.fr\/fr_fr\/wp-json\/wp\/v2\/pages"}],"about":[{"href":"http:\/\/www.bm-auto.fr\/fr_fr\/wp-json\/wp\/v2\/types\/page"}],"author":[{"embeddable":true,"href":"http:\/\/www.bm-auto.fr\/fr_fr\/wp-json\/wp\/v2\/users\/1"}],"replies":[{"embeddable":true,"href":"http:\/\/www.bm-auto.fr\/fr_fr\/wp-json\/wp\/v2\/comments?post=20068"}],"version-history":[{"count":32,"href":"http:\/\/www.bm-auto.fr\/fr_fr\/wp-json\/wp\/v2\/pages\/20068\/revisions"}],"predecessor-version":[{"id":20539,"href":"http:\/\/www.bm-auto.fr\/fr_fr\/wp-json\/wp\/v2\/pages\/20068\/revisions\/20539"}],"wp:attachment":[{"href":"http:\/\/www.bm-auto.fr\/fr_fr\/wp-json\/wp\/v2\/media?parent=20068"}],"curies":[{"name":"wp","href":"https:\/\/api.w.org\/{rel}","templated":true}]}}