{"id":20070,"date":"2023-01-26T15:24:42","date_gmt":"2023-01-26T15:24:42","guid":{"rendered":"https:\/\/www.bm-auto.fr\/our-cars\/"},"modified":"2023-02-03T18:53:43","modified_gmt":"2023-02-03T18:53:43","slug":"vehicules-de-locations","status":"publish","type":"page","link":"https:\/\/www.bm-auto.fr\/fr_fr\/vehicules-de-locations\/","title":{"rendered":"Nos V\u00e9hicules de Location"},"content":{"rendered":"\n<div class=\"wrap plugin-container\">\n\n\t\n\t\n\t<h3 class=\"vrc-main-title\">BM AUTO<\/h3><div class=\"vrc-search-results-block vrc-search-results-block-list\">\r\n\r\n\t<div class=\"car_result\">\r\n\t\t<div class=\"vrc-car-result-left\">\r\n\t\t\t\t\t<img decoding=\"async\" class=\"imgresult\" alt=\"Kia Picanto - 5 Si\u00e8ges - Manuelle\" src=\"https:\/\/www.bm-auto.fr\/wp-content\/plugins\/vikrentcar\/admin\/resources\/vthumb_122c2b53-3fb8-4964-b114-29c593218e0e_1_201_a.jpeg\"\/>\r\n\t\t\t\t\t<\/div>\r\n\t\t<div class=\"vrc-car-result-right\">\r\n\t\t\t<div class=\"vrc-car-result-rightinner\">\r\n\t\t\t\t<div class=\"vrc-car-result-rightinner-deep\">\r\n\t\t\t\t\t<div class=\"vrc-car-result-inner\">\r\n\t\t\t\t\t\t<h4 class=\"vrc-car-name\">\r\n\t\t\t\t\t\t\t<a href=\"https:\/\/www.bm-auto.fr\/fr_fr\/vehicules-de-locations\/?option=com_vikrentcar&view=cardetails&carid=18\">Kia Picanto - 5 Si\u00e8ges - Manuelle<\/a>\r\n\t\t\t\t\t\t<\/h4>\r\n\t\t\t\t\t\t\t\t\t\t\t<div class=\"vrc-car-category\">Voiture Touristique<\/div>\r\n\t\t\t\t\t\t\t\t\t\t\t\t<div class=\"vrc-car-result-description\">\r\n\t\t\t\t\t\tEnvie d'une voiture touristique agr\u00e9able et facile \u00e0 conduire lors de votre s\u00e9jour en Guadeloupe ? La Kia Picanto est la voiture id\u00e9ale pour vous aider \u00e0 passer un s\u00e9jour inoubliable seul ou en famille.\t\t\t\t\t\t<\/div>\r\n\t\t\t\t\t\t\t\t\t\t\t\t\t<div class=\"vrc-car-characteristics\">\r\n\t\t\t\t\t\t\t\t<div class=\"vrccaratsdiv\"><div class=\"vrccarcarat\"><span class=\"vrc-carat-cont\"><span class=\"vrc-expl\" data-vrc-expl=\"Climatisation\"><i class=\"fas fa-snowflake\"><\/i><\/span><\/span>\n<\/div><\/div>\n\t\t\t\t\t\t\t<\/div>\r\n\t\t\t\t\t\t\t\t\t\t\t\t<\/div>\r\n\t\t\t\t\t<div class=\"vrc-car-lastblock\">\r\n\t\t\t\t\t\t<div class=\"vrc-car-price\">\r\n\t\t\t\t\t\t\t<div class=\"vrcsrowpricediv\">\r\n\t\t\t\t\t\t\t\t\t\t\t\t\t\t\t<span class=\"vrcstartfrom\">Prix total<\/span>\r\n\t\t\t\t\t\t\t\t<span class=\"car_cost\"><span class=\"vrc_currency\">\u20ac<\/span> <span class=\"vrc_price\">25.50<\/span><\/span>\r\n\t\t\t\t\t\t\t\t\t\t\t\t\t\t<\/div>\r\n\t\t\t\t\t\t<\/div>\r\n\t\t\t\t\t\t<div class=\"vrc-car-bookingbtn\">\r\n\t\t\t\t\t\t\t<span class=\"vrclistgoon\"><a class=\"btn vrc-pref-color-btn\" href=\"https:\/\/www.bm-auto.fr\/fr_fr\/vehicules-de-locations\/?option=com_vikrentcar&view=cardetails&carid=18\">Voir les D\u00e9tails<\/a><\/span>\r\n\t\t\t\t\t\t<\/div>\r\n\t\t\t\t\t<\/div>\r\n\t\t\t\t<\/div>\r\n\t\t\t<\/div>\r\n\t\t<\/div>\r\n\t<\/div>\r\n\t\t<div class=\"car_result\">\r\n\t\t<div class=\"vrc-car-result-left\">\r\n\t\t\t\t\t<img decoding=\"async\" class=\"imgresult\" alt=\"Suzuki Ignis (Manuelle) - 5 Si\u00e8ges\" src=\"https:\/\/www.bm-auto.fr\/wp-content\/plugins\/vikrentcar\/admin\/resources\/vthumb_1b69d0fd1-fe69-4f34-9852-2ee7b5f711b0_1_201_a.jpeg\"\/>\r\n\t\t\t\t\t<\/div>\r\n\t\t<div class=\"vrc-car-result-right\">\r\n\t\t\t<div class=\"vrc-car-result-rightinner\">\r\n\t\t\t\t<div class=\"vrc-car-result-rightinner-deep\">\r\n\t\t\t\t\t<div class=\"vrc-car-result-inner\">\r\n\t\t\t\t\t\t<h4 class=\"vrc-car-name\">\r\n\t\t\t\t\t\t\t<a href=\"https:\/\/www.bm-auto.fr\/fr_fr\/vehicules-de-locations\/?option=com_vikrentcar&view=cardetails&carid=24\">Suzuki Ignis (Manuelle) - 5 Si\u00e8ges<\/a>\r\n\t\t\t\t\t\t<\/h4>\r\n\t\t\t\t\t\t\t\t\t\t\t<div class=\"vrc-car-category\">Voiture Touristique<\/div>\r\n\t\t\t\t\t\t\t\t\t\t\t\t<div class=\"vrc-car-result-description\">\r\n\t\t\t\t\t\tEnvie de louer une voiture touristique manuelle neuve pas ch\u00e8re et confortable lors de votre s\u00e9jour en Guadeloupe ? Louer une Suzuki Ignis en Guadeloupe c'est l'assurance de profiter d'un s\u00e9jour inoubliable en b\u00e9n\u00e9ficiant d'un excellent rapport qualit\u00e9 prix.\t\t\t\t\t\t<\/div>\r\n\t\t\t\t\t\t\t\t\t\t\t\t\t<div class=\"vrc-car-characteristics\">\r\n\t\t\t\t\t\t\t\t<div class=\"vrccaratsdiv\"><div class=\"vrccarcarat\"><span class=\"vrc-carat-cont\"><span class=\"vrc-expl\" data-vrc-expl=\"Climatisation\"><i class=\"fas fa-snowflake\"><\/i><\/span><\/span>\n<\/div><\/div>\n\t\t\t\t\t\t\t<\/div>\r\n\t\t\t\t\t\t\t\t\t\t\t\t<\/div>\r\n\t\t\t\t\t<div class=\"vrc-car-lastblock\">\r\n\t\t\t\t\t\t<div class=\"vrc-car-price\">\r\n\t\t\t\t\t\t\t<div class=\"vrcsrowpricediv\">\r\n\t\t\t\t\t\t\t\t\t\t\t\t\t\t\t<span class=\"vrcstartfrom\">Prix total<\/span>\r\n\t\t\t\t\t\t\t\t<span class=\"car_cost\"><span class=\"vrc_currency\">\u20ac<\/span> <span class=\"vrc_price\">26.00<\/span><\/span>\r\n\t\t\t\t\t\t\t\t\t\t\t\t\t\t<\/div>\r\n\t\t\t\t\t\t<\/div>\r\n\t\t\t\t\t\t<div class=\"vrc-car-bookingbtn\">\r\n\t\t\t\t\t\t\t<span class=\"vrclistgoon\"><a class=\"btn vrc-pref-color-btn\" href=\"https:\/\/www.bm-auto.fr\/fr_fr\/vehicules-de-locations\/?option=com_vikrentcar&view=cardetails&carid=24\">Voir les D\u00e9tails<\/a><\/span>\r\n\t\t\t\t\t\t<\/div>\r\n\t\t\t\t\t<\/div>\r\n\t\t\t\t<\/div>\r\n\t\t\t<\/div>\r\n\t\t<\/div>\r\n\t<\/div>\r\n\t\t<div class=\"car_result\">\r\n\t\t<div class=\"vrc-car-result-left\">\r\n\t\t\t\t\t<img decoding=\"async\" class=\"imgresult\" alt=\"Suzuki Ignis (Automatique) - 4 Si\u00e8ges\" src=\"https:\/\/www.bm-auto.fr\/wp-content\/plugins\/vikrentcar\/admin\/resources\/vthumb_6ee9a0fb-ef8c-495b-9ff2-3dd542dc6014_1_201_a.jpeg\"\/>\r\n\t\t\t\t\t<\/div>\r\n\t\t<div class=\"vrc-car-result-right\">\r\n\t\t\t<div class=\"vrc-car-result-rightinner\">\r\n\t\t\t\t<div class=\"vrc-car-result-rightinner-deep\">\r\n\t\t\t\t\t<div class=\"vrc-car-result-inner\">\r\n\t\t\t\t\t\t<h4 class=\"vrc-car-name\">\r\n\t\t\t\t\t\t\t<a href=\"https:\/\/www.bm-auto.fr\/fr_fr\/vehicules-de-locations\/?option=com_vikrentcar&view=cardetails&carid=21\">Suzuki Ignis (Automatique) - 4 Si\u00e8ges<\/a>\r\n\t\t\t\t\t\t<\/h4>\r\n\t\t\t\t\t\t\t\t\t\t\t<div class=\"vrc-car-category\">Voiture Touristique<\/div>\r\n\t\t\t\t\t\t\t\t\t\t\t\t<div class=\"vrc-car-result-description\">\r\n\t\t\t\t\t\tEnvie de louer une voiture touristique automatique neuve agr\u00e9able et confortable lors de votre s\u00e9jour en Guadeloupe ? Louer une Suzuki Ignis en Guadeloupe c'est l'assurance de passer un s\u00e9jour inoubliable.\t\t\t\t\t\t<\/div>\r\n\t\t\t\t\t\t\t\t\t\t\t\t\t<div class=\"vrc-car-characteristics\">\r\n\t\t\t\t\t\t\t\t<div class=\"vrccaratsdiv\"><div class=\"vrccarcarat\"><span class=\"vrc-carat-cont\"><span class=\"vrc-expl\" data-vrc-expl=\"Climatisation\"><i class=\"fas fa-snowflake\"><\/i><\/span><\/span>\n<\/div><\/div>\n\t\t\t\t\t\t\t<\/div>\r\n\t\t\t\t\t\t\t\t\t\t\t\t<\/div>\r\n\t\t\t\t\t<div class=\"vrc-car-lastblock\">\r\n\t\t\t\t\t\t<div class=\"vrc-car-price\">\r\n\t\t\t\t\t\t\t<div class=\"vrcsrowpricediv\">\r\n\t\t\t\t\t\t\t\t\t\t\t\t\t\t\t<span class=\"vrcstartfrom\">Prix total<\/span>\r\n\t\t\t\t\t\t\t\t<span class=\"car_cost\"><span class=\"vrc_currency\">\u20ac<\/span> <span class=\"vrc_price\">30.00<\/span><\/span>\r\n\t\t\t\t\t\t\t\t\t\t\t\t\t\t<\/div>\r\n\t\t\t\t\t\t<\/div>\r\n\t\t\t\t\t\t<div class=\"vrc-car-bookingbtn\">\r\n\t\t\t\t\t\t\t<span class=\"vrclistgoon\"><a class=\"btn vrc-pref-color-btn\" href=\"https:\/\/www.bm-auto.fr\/fr_fr\/vehicules-de-locations\/?option=com_vikrentcar&view=cardetails&carid=21\">Voir les D\u00e9tails<\/a><\/span>\r\n\t\t\t\t\t\t<\/div>\r\n\t\t\t\t\t<\/div>\r\n\t\t\t\t<\/div>\r\n\t\t\t<\/div>\r\n\t\t<\/div>\r\n\t<\/div>\r\n\t\t<div class=\"car_result\">\r\n\t\t<div class=\"vrc-car-result-left\">\r\n\t\t\t\t\t<img decoding=\"async\" class=\"imgresult\" alt=\"Peugeot Partner XL avec Galerie - 3 Si\u00e8ges\" src=\"https:\/\/www.bm-auto.fr\/wp-content\/plugins\/vikrentcar\/admin\/resources\/vthumb_8339c844-31e8-4bd8-b535-1a23fcc6d5d7_1_201_a.jpeg\"\/>\r\n\t\t\t\t\t<\/div>\r\n\t\t<div class=\"vrc-car-result-right\">\r\n\t\t\t<div class=\"vrc-car-result-rightinner\">\r\n\t\t\t\t<div class=\"vrc-car-result-rightinner-deep\">\r\n\t\t\t\t\t<div class=\"vrc-car-result-inner\">\r\n\t\t\t\t\t\t<h4 class=\"vrc-car-name\">\r\n\t\t\t\t\t\t\t<a href=\"https:\/\/www.bm-auto.fr\/fr_fr\/vehicules-de-locations\/?option=com_vikrentcar&view=cardetails&carid=20\">Peugeot Partner XL avec Galerie - 3 Si\u00e8ges<\/a>\r\n\t\t\t\t\t\t<\/h4>\r\n\t\t\t\t\t\t\t\t\t\t\t<div class=\"vrc-car-category\">Fourgons de 5M3<\/div>\r\n\t\t\t\t\t\t\t\t\t\t\t\t<div class=\"vrc-car-result-description\">\r\n\t\t\t\t\t\tVous souhaitez louer un fourgon en Guadeloupe de taille interm\u00e9diaire qui soit plus grand qu'un Peugeot partner de 3m3 et plus petit qu'un Peugeot Expert de 6m3 ? Le Peugeot Partner XL est fait pour vous ! \t\t\t\t\t\t<\/div>\r\n\t\t\t\t\t\t\t\t\t\t\t\t\t<div class=\"vrc-car-characteristics\">\r\n\t\t\t\t\t\t\t\t<div class=\"vrccaratsdiv\"><div class=\"vrccarcarat\"><span class=\"vrc-carat-cont\"><span class=\"vrc-expl\" data-vrc-expl=\"Climatisation\"><i class=\"fas fa-snowflake\"><\/i><\/span><\/span>\n<\/div><div class=\"vrccarcarat\"><span class=\"vrc-carat-cont\"><span class=\"vrc-expl\" data-vrc-expl=\"Diesel\"><i class=\"fas fa-gas-pump\"><\/i><\/span><\/span>\n<\/div><div class=\"vrccarcarat\"><span class=\"vrc-carat-cont\"><span class=\"vrc-expl\" data-vrc-expl=\"3 Places\"><i class=\"fas fa-user\"><\/i><\/span><\/span>\n<\/div><\/div>\n\t\t\t\t\t\t\t<\/div>\r\n\t\t\t\t\t\t\t\t\t\t\t\t<\/div>\r\n\t\t\t\t\t<div class=\"vrc-car-lastblock\">\r\n\t\t\t\t\t\t<div class=\"vrc-car-price\">\r\n\t\t\t\t\t\t\t<div class=\"vrcsrowpricediv\">\r\n\t\t\t\t\t\t\t\t\t\t\t\t\t\t\t<span class=\"vrcstartfrom\">Prix total<\/span>\r\n\t\t\t\t\t\t\t\t<span class=\"car_cost\"><span class=\"vrc_currency\">\u20ac<\/span> <span class=\"vrc_price\">69.00<\/span><\/span>\r\n\t\t\t\t\t\t\t\t\t\t\t\t\t\t<\/div>\r\n\t\t\t\t\t\t<\/div>\r\n\t\t\t\t\t\t<div class=\"vrc-car-bookingbtn\">\r\n\t\t\t\t\t\t\t<span class=\"vrclistgoon\"><a class=\"btn vrc-pref-color-btn\" href=\"https:\/\/www.bm-auto.fr\/fr_fr\/vehicules-de-locations\/?option=com_vikrentcar&view=cardetails&carid=20\">Voir les D\u00e9tails<\/a><\/span>\r\n\t\t\t\t\t\t<\/div>\r\n\t\t\t\t\t<\/div>\r\n\t\t\t\t<\/div>\r\n\t\t\t<\/div>\r\n\t\t<\/div>\r\n\t<\/div>\r\n\t\t<div class=\"car_result\">\r\n\t\t<div class=\"vrc-car-result-left\">\r\n\t\t\t\t\t<img decoding=\"async\" class=\"imgresult\" alt=\"Peugeot Boxer L1H1 - 3 places\" src=\"https:\/\/www.bm-auto.fr\/wp-content\/plugins\/vikrentcar\/admin\/resources\/vthumb_489a7156-0de2-4249-baf1-075c5ebd0a1e_1_201_a.jpeg\"\/>\r\n\t\t\t\t\t<\/div>\r\n\t\t<div class=\"vrc-car-result-right\">\r\n\t\t\t<div class=\"vrc-car-result-rightinner\">\r\n\t\t\t\t<div class=\"vrc-car-result-rightinner-deep\">\r\n\t\t\t\t\t<div class=\"vrc-car-result-inner\">\r\n\t\t\t\t\t\t<h4 class=\"vrc-car-name\">\r\n\t\t\t\t\t\t\t<a href=\"https:\/\/www.bm-auto.fr\/fr_fr\/vehicules-de-locations\/?option=com_vikrentcar&view=cardetails&carid=12\">Peugeot Boxer L1H1 - 3 places<\/a>\r\n\t\t\t\t\t\t<\/h4>\r\n\t\t\t\t\t\t\t\t\t\t\t<div class=\"vrc-car-category\">Fourgons 8-10 m3<\/div>\r\n\t\t\t\t\t\t\t\t\t\t\t\t<div class=\"vrc-car-result-description\">\r\n\t\t\t\t\t\tGr\u00e2ce \u00e0 la  hauteur de notre Peugeot Boxer, vous pouvez transporter des produits et des appareils ais\u00e9ment sur toute la Guadeloupe.\t\t\t\t\t\t<\/div>\r\n\t\t\t\t\t\t\t\t\t\t\t\t\t<div class=\"vrc-car-characteristics\">\r\n\t\t\t\t\t\t\t\t<div class=\"vrccaratsdiv\"><div class=\"vrccarcarat\"><span class=\"vrc-carat-cont\"><span class=\"vrc-expl\" data-vrc-expl=\"Climatisation\"><i class=\"fas fa-snowflake\"><\/i><\/span><\/span>\n<\/div><div class=\"vrccarcarat\"><span class=\"vrc-carat-cont\"><span class=\"vrc-expl\" data-vrc-expl=\"3 Places\"><i class=\"fas fa-user\"><\/i><\/span><\/span>\n<\/div><\/div>\n\t\t\t\t\t\t\t<\/div>\r\n\t\t\t\t\t\t\t\t\t\t\t\t<\/div>\r\n\t\t\t\t\t<div class=\"vrc-car-lastblock\">\r\n\t\t\t\t\t\t<div class=\"vrc-car-price\">\r\n\t\t\t\t\t\t\t<div class=\"vrcsrowpricediv\">\r\n\t\t\t\t\t\t\t\t\t\t\t\t\t\t\t<span class=\"vrcstartfrom\">Prix total<\/span>\r\n\t\t\t\t\t\t\t\t<span class=\"car_cost\"><span class=\"vrc_currency\">\u20ac<\/span> <span class=\"vrc_price\">89.00<\/span><\/span>\r\n\t\t\t\t\t\t\t\t\t\t\t\t\t\t<\/div>\r\n\t\t\t\t\t\t<\/div>\r\n\t\t\t\t\t\t<div class=\"vrc-car-bookingbtn\">\r\n\t\t\t\t\t\t\t<span class=\"vrclistgoon\"><a class=\"btn vrc-pref-color-btn\" href=\"https:\/\/www.bm-auto.fr\/fr_fr\/vehicules-de-locations\/?option=com_vikrentcar&view=cardetails&carid=12\">Voir les D\u00e9tails<\/a><\/span>\r\n\t\t\t\t\t\t<\/div>\r\n\t\t\t\t\t<\/div>\r\n\t\t\t\t<\/div>\r\n\t\t\t<\/div>\r\n\t\t<\/div>\r\n\t<\/div>\r\n\t<\/div>\r\n\r\n<script type=\"text\/javascript\">\r\njQuery(function() {\r\n\tif (jQuery('.car_result').length) {\r\n\t\tjQuery('.car_result').each(function() {\r\n\t\t\tvar car_img = jQuery(this).find('.vrc-car-result-left').find('img');\r\n\t\t\tif (car_img.length) {\r\n\t\t\t\tjQuery(this).find('.vrc-car-result-right').find('.vrc-car-result-rightinner').find('.vrc-car-result-rightinner-deep').find('.vrc-car-result-inner').css('min-height', car_img.height()+'px');\r\n\t\t\t}\r\n\t\t});\r\n\t};\r\n});\r\n<\/script>\r\n\n<\/div>\n\n","protected":false},"excerpt":{"rendered":"<p>BM AUTO Kia Picanto &#8211; 5 Si\u00e8ges &#8211; Manuelle Voiture Touristique Envie d&#8217;une voiture touristique agr\u00e9able et facile \u00e0 conduire lors de votre s\u00e9jour en Guadeloupe ? La Kia Picanto est la voiture id\u00e9ale pour vous aider \u00e0 passer un s\u00e9jour inoubliable seul ou en famille. Prix total \u20ac 25.50 Voir les D\u00e9tails Suzuki Ignis <\/p>\n","protected":false},"author":1,"featured_media":0,"parent":0,"menu_order":0,"comment_status":"closed","ping_status":"closed","template":"","meta":{"_acf_changed":false,"om_disable_all_campaigns":false,"_monsterinsights_skip_tracking":false,"_monsterinsights_sitenote_active":false,"_monsterinsights_sitenote_note":"","_monsterinsights_sitenote_category":0,"footnotes":""},"class_list":["post-20070","page","type-page","status-publish","hentry"],"acf":[],"aioseo_notices":[],"_links":{"self":[{"href":"https:\/\/www.bm-auto.fr\/fr_fr\/wp-json\/wp\/v2\/pages\/20070","targetHints":{"allow":["GET"]}}],"collection":[{"href":"https:\/\/www.bm-auto.fr\/fr_fr\/wp-json\/wp\/v2\/pages"}],"about":[{"href":"https:\/\/www.bm-auto.fr\/fr_fr\/wp-json\/wp\/v2\/types\/page"}],"author":[{"embeddable":true,"href":"https:\/\/www.bm-auto.fr\/fr_fr\/wp-json\/wp\/v2\/users\/1"}],"replies":[{"embeddable":true,"href":"https:\/\/www.bm-auto.fr\/fr_fr\/wp-json\/wp\/v2\/comments?post=20070"}],"version-history":[{"count":1,"href":"https:\/\/www.bm-auto.fr\/fr_fr\/wp-json\/wp\/v2\/pages\/20070\/revisions"}],"predecessor-version":[{"id":20172,"href":"https:\/\/www.bm-auto.fr\/fr_fr\/wp-json\/wp\/v2\/pages\/20070\/revisions\/20172"}],"wp:attachment":[{"href":"https:\/\/www.bm-auto.fr\/fr_fr\/wp-json\/wp\/v2\/media?parent=20070"}],"curies":[{"name":"wp","href":"https:\/\/api.w.org\/{rel}","templated":true}]}}